{"id":214,"date":"2020-04-24T10:25:12","date_gmt":"2020-04-24T10:25:12","guid":{"rendered":"http:\/\/burghart-gmbh.com\/?page_id=214"},"modified":"2025-10-02T13:46:04","modified_gmt":"2025-10-02T13:46:04","slug":"mesmerize","status":"publish","type":"page","link":"http:\/\/burghart-gmbh.com\/","title":{"rendered":"Front Page"},"content":{"rendered":"<div  id=\"overlappable-4\" style=\"background-color: #ffffff;\" data-label=\"Overlappable\" data-id=\"overlappable-4\" data-export-id=\"overlappable-4\" data-category=\"overlappable\" class=\"overlappable-4 content-section content-section-spacing\" data-overlap=\"true\">\n<div  class=\"\">\n<div  data-type=\"row\" class=\"row spaced-cols text-center center-sm\">\n<div  class=\"col-xs-12 col-sm-4 col-padding\">\n\n<a  data-cp-link=\"1\" href=\"http:\/\/burghart-gmbh.com?page_id=46\" target=\"_self\" rel=\"noopener\"><i  class=\"fa icon shadow-large-black aligncenter color1 fa-gears bordered round big\"><\/i><\/a>\n<div  data-type=\"column\" class=\"\">\n<h5  class=\"\">Elektrotechnik<\/h5>\n<p  class=\"\">Besch\u00e4ftigt sich mit allen technischen Ger\u00e4ten, die mit elektrischer Energie betrieben werden. Als Elektroingenieur k\u00fcmmerst Du Dich im Beruf um Konstruktion, Entwicklung, Produktion und Montage von elektrischen Systemen, Anlagen, Maschinen, Ger\u00e4ten und Verfahren.<\/p>\n\n<\/div>\n<\/div>\n<div  class=\"col-xs-12 col-sm-4 col-padding\">\n\n<a  data-cp-link=\"1\" href=\"http:\/\/burghart-gmbh.com?page_id=50\" target=\"_self\" rel=\"noopener\"><i  class=\"fa icon shadow-large-black aligncenter color1 fa-battery bordered round big\"><\/i><\/a>\n<div  data-type=\"column\" class=\"\">\n<h5  class=\"\">Steuerungstechnik<\/h5>\n<p  class=\"\">Umfasst den Entwurf und die Realisierung von Steuerungen, das hei\u00dft, die gerichtete Beeinflussung des Verhaltens technischer Systeme (Ger\u00e4te, Apparate, Maschinen, Anlagen und biologische Systeme). Sie ist, wie die Regelungstechnik, ein Teilgebiet der Automatisierungstechnik.<\/p>\n\n<\/div>\n<\/div>\n<div  class=\"col-xs-12 col-sm-4 col-padding\">\n\n<a  data-cp-link=\"1\" href=\"http:\/\/burghart-gmbh.com?page_id=154\" target=\"_self\" rel=\"noopener\"><i  class=\"fa icon shadow-large-black aligncenter color1 fa-home bordered round big\"><\/i><\/a>\n<div  data-type=\"column\" class=\"\">\n<h5  class=\"\">Smarthome<\/h5>\n<p  class=\"\">dient als Oberbegriff f\u00fcr technische Verfahren und Systeme in Wohnr\u00e4umen und -h\u00e4usern, in deren Mittelpunkt eine Erh\u00f6hung von Wohn- und Lebensqualit\u00e4t, Sicherheit und effizienter Energienutzung auf Basis vernetzter und fernsteuerbarer Ger\u00e4te und Installationen sowie automatisierbarer Abl\u00e4ufe steht.<\/p>\n\n<\/div>\n<\/div>\n<\/div>\n<\/div>\n<\/div><div  data-label=\"About\" data-id=\"about--1\" data-export-id=\"about-4\" data-category=\"about\" class=\"about-4 content-section content-section-spacing\" id=\"about-1\" style=\"background-color: #ffffff; background-image: none;\">\n<div  class=\"\">\n<div  class=\"row middle-sm text-center\">\n<div  class=\"col-sm-5 space-bottom-xs\" data-type=\"column\">\n<h2  class=\"\">Unser Unternehmen<\/h2>\n<p  class=\"\">Die Firma Burghart GmbH &amp; Co.KG ist ein moderner,\ninhabergef\u00fchrter Handwerksbetrieb mit den Schwerpunkten\nElektroinstallation und Steuerungstechnik mit Sitz in Schwindegg,\nca. 60 km oder eine Autostunde nord\u00f6stlich von M\u00fcnchen im Landkreis M\u00fchldorf.\n\n\nDie Firma Burghart GmbH &amp; Co.KG ist ein moderner,\ninhabergef\u00fchrter Handwerksbetrieb mit den Schwerpunkten\nElektroinstallation und Steuerungstechnik mit Sitz in Schwindegg,\nca. 60 km oder eine Autostunde nord\u00f6stlich von M\u00fcnchen im Landkreis M\u00fchldorf.<\/p>\n\n<\/div>\n<div  class=\"col-sm-7 flexbox center-xs middle-xs image-group-2-img\"><img decoding=\"async\"  loading=\"lazy\" class=\"img-1 shadow-large jetpack-lazy-image jetpack-lazy-image--handled\" data-size=\"250x200\" src=\"https:\/\/i2.wp.com\/burghart-gmbh.com\/wp-content\/uploads\/2020\/04\/cropped-Elektro_Start-2.gif?w=3840\" alt=\"\" title=\"cropped-Elektro_Start-2.gif\" data-lazy-loaded=\"1\" width=\"527\" height=\"422\"> <img decoding=\"async\"  loading=\"lazy\" class=\"img-2 shadow-large jetpack-lazy-image jetpack-lazy-image--handled\" data-size=\"220x170\" src=\"https:\/\/i1.wp.com\/burghart-gmbh.com\/wp-content\/uploads\/2020\/04\/cropped-Steuerung_1.gif?w=3840\" alt=\"\" title=\"cropped-Steuerung_1.gif\" data-lazy-loaded=\"1\" width=\"527\" height=\"407\"><\/div>\n<\/div>\n<\/div>\n<\/div><div  data-label=\"Features\" data-id=\"features--1\" data-export-id=\"features-16\" data-category=\"features\" class=\"features-16 content-section content-section-spacing\" id=\"features-1\" style=\"background-color: #ffffff; background-image: none;\">\n<div  class=\"gridContainer\">\n<div  class=\"row text-center\">\n<div  class=\"section-title-col\" data-type=\"column\">\n<h2  class=\"\">Unsere Partner<\/h2>\n<\/div>\n<\/div>\n<div  class=\"row spaced-cols\" data-type=\"row\">\n<div  class=\"col-xs-12 col-sm-6 space-bottom col-md-6 \">\n\n&nbsp;\n<div  data-type=\"column\" class=\"col-padding-small col-padding-small-xs description-container\">\n\n&nbsp;\n\n<\/div>\n<\/div>\n<div  class=\"col-xs-12 col-sm-6 space-bottom col-md-6 \">\n\n<img decoding=\"async\"  loading=\"lazy\" class=\"face jetpack-lazy-image jetpack-lazy-image--handled\" src=\"https:\/\/i1.wp.com\/burghart-gmbh.com\/wp-content\/uploads\/2020\/04\/Logo-Loxone-Create-Automation-Web-1.png?w=3840\" alt=\"\" title=\"Logo-Loxone-Create-Automation-Web\" data-lazy-loaded=\"1\" width=\"586\" height=\"181\">\n<div  data-type=\"column\" class=\"col-padding-small col-padding-small-xs description-container\">\n<h4  class=\"font-500\">Loxone<\/h4>\n<p  class=\"\">Loxone erm\u00f6glicht die einfache Steuerung und intelligente Automatisierung von Projekten aller Art.\nVon Smart Homes \u00fcber Gewerbeobjekte bis hin zu Spezialanwendungen.oxone erm\u00f6glicht die einfache Steuerung und intelligente Automatisierung von Projekten aller Art.\nVon Smart Homes \u00fcber Gewerbeobjekte bis hin zu Spezialanwendungen.<\/p>\n<a  class=\"read-more\" href=\"https:\/\/www.loxone.com\/dede\" target=\"_blank\" data-cp-link=\"1\" rel=\"noopener\">Homepage<\/a>\n\n<\/div>\n<\/div>\n<\/div>\n<\/div>\n<\/div>","protected":false},"excerpt":{"rendered":"<p>Elektrotechnik Besch\u00e4ftigt sich mit allen technischen Ger\u00e4ten, die mit elektrischer Energie betrieben werden. Als Elektroingenieur k\u00fcmmerst Du Dich im Beruf um Konstruktion, Entwicklung, Produktion und Montage von elektrischen Systemen, Anlagen, Maschinen, Ger\u00e4ten und Verfahren. Steuerungstechnik Umfasst den Entwurf und die Realisierung von Steuerungen, das hei\u00dft, die gerichtete Beeinflussung des Verhaltens technischer Systeme (Ger\u00e4te, Apparate, Maschinen,&hellip; <br \/> <a class=\"read-more\" href=\"http:\/\/burghart-gmbh.com\/\">Weiterlesen<\/a><\/p>\n","protected":false},"author":1,"featured_media":0,"parent":0,"menu_order":0,"comment_status":"closed","ping_status":"closed","template":"page-templates\/homepage.php","meta":{"footnotes":""},"class_list":["post-214","page","type-page","status-publish","hentry"],"jetpack_shortlink":"https:\/\/wp.me\/PaN6tQ-3s","jetpack_sharing_enabled":true,"_links":{"self":[{"href":"http:\/\/burghart-gmbh.com\/index.php?rest_route=\/wp\/v2\/pages\/214","targetHints":{"allow":["GET"]}}],"collection":[{"href":"http:\/\/burghart-gmbh.com\/index.php?rest_route=\/wp\/v2\/pages"}],"about":[{"href":"http:\/\/burghart-gmbh.com\/index.php?rest_route=\/wp\/v2\/types\/page"}],"author":[{"embeddable":true,"href":"http:\/\/burghart-gmbh.com\/index.php?rest_route=\/wp\/v2\/users\/1"}],"replies":[{"embeddable":true,"href":"http:\/\/burghart-gmbh.com\/index.php?rest_route=%2Fwp%2Fv2%2Fcomments&post=214"}],"version-history":[{"count":3,"href":"http:\/\/burghart-gmbh.com\/index.php?rest_route=\/wp\/v2\/pages\/214\/revisions"}],"predecessor-version":[{"id":281,"href":"http:\/\/burghart-gmbh.com\/index.php?rest_route=\/wp\/v2\/pages\/214\/revisions\/281"}],"wp:attachment":[{"href":"http:\/\/burghart-gmbh.com\/index.php?rest_route=%2Fwp%2Fv2%2Fmedia&parent=214"}],"curies":[{"name":"wp","href":"https:\/\/api.w.org\/{rel}","templated":true}]}}