{"id":154,"date":"2020-04-16T12:38:13","date_gmt":"2020-04-16T12:38:13","guid":{"rendered":"http:\/\/burghart-gmbh.com\/?page_id=154"},"modified":"2020-04-18T14:04:58","modified_gmt":"2020-04-18T14:04:58","slug":"smarthome","status":"publish","type":"page","link":"http:\/\/burghart-gmbh.com\/?page_id=154","title":{"rendered":"Smarthome"},"content":{"rendered":"<p style=\"text-align: center;\"><img data-recalc-dims=\"1\" loading=\"lazy\" decoding=\"async\" data-attachment-id=\"155\" data-permalink=\"http:\/\/burghart-gmbh.com\/?attachment_id=155\" data-orig-file=\"https:\/\/i0.wp.com\/burghart-gmbh.com\/wp-content\/uploads\/2020\/04\/smart-home-3574541_1280.jpg?fit=1280%2C853\" data-orig-size=\"1280,853\" data-comments-opened=\"0\" data-image-meta=\"{&quot;aperture&quot;:&quot;0&quot;,&quot;credit&quot;:&quot;&quot;,&quot;camera&quot;:&quot;&quot;,&quot;caption&quot;:&quot;&quot;,&quot;created_timestamp&quot;:&quot;0&quot;,&quot;copyright&quot;:&quot;&quot;,&quot;focal_length&quot;:&quot;0&quot;,&quot;iso&quot;:&quot;0&quot;,&quot;shutter_speed&quot;:&quot;0&quot;,&quot;title&quot;:&quot;&quot;,&quot;orientation&quot;:&quot;0&quot;}\" data-image-title=\"smart-home-3574541_1280\" data-image-description=\"\" data-image-caption=\"\" data-medium-file=\"https:\/\/i0.wp.com\/burghart-gmbh.com\/wp-content\/uploads\/2020\/04\/smart-home-3574541_1280.jpg?fit=300%2C200\" data-large-file=\"https:\/\/i0.wp.com\/burghart-gmbh.com\/wp-content\/uploads\/2020\/04\/smart-home-3574541_1280.jpg?fit=1024%2C682\" class=\"alignnone size-medium wp-image-155\" src=\"https:\/\/i0.wp.com\/burghart-gmbh.com\/wp-content\/uploads\/2020\/04\/smart-home-3574541_1280.jpg?resize=300%2C200\" alt=\"\" width=\"300\" height=\"200\" srcset=\"https:\/\/i0.wp.com\/burghart-gmbh.com\/wp-content\/uploads\/2020\/04\/smart-home-3574541_1280.jpg?resize=300%2C200 300w, https:\/\/i0.wp.com\/burghart-gmbh.com\/wp-content\/uploads\/2020\/04\/smart-home-3574541_1280.jpg?resize=1024%2C682 1024w, https:\/\/i0.wp.com\/burghart-gmbh.com\/wp-content\/uploads\/2020\/04\/smart-home-3574541_1280.jpg?resize=768%2C512 768w, https:\/\/i0.wp.com\/burghart-gmbh.com\/wp-content\/uploads\/2020\/04\/smart-home-3574541_1280.jpg?w=1280 1280w\" sizes=\"auto, (max-width: 300px) 100vw, 300px\" \/><\/p>\n<p style=\"text-align: center;\"><b>Smart Home<\/b>\u00a0dient als Oberbegriff f\u00fcr technische Verfahren und Systeme in Wohnr\u00e4umen und -h\u00e4usern, in deren Mittelpunkt eine Erh\u00f6hung von Wohn- und Lebensqualit\u00e4t, Sicherheit und effizienter Energienutzung auf Basis vernetzter und fernsteuerbarer Ger\u00e4te und Installationen sowie automatisierbarer Abl\u00e4ufe steht.<\/p>\n<p style=\"text-align: center;\">Unter diesen Begriff f\u00e4llt sowohl die\u00a0Vernetzung\u00a0von\u00a0Haustechnik\u00a0und\u00a0Haushaltsger\u00e4ten\u00a0(zum Beispiel Lichtquellen, Jalousien, Heizung, aber auch Herd, K\u00fchlschrank und Waschmaschine), als auch die Vernetzung von Komponenten der\u00a0Unterhaltungselektronik\u00a0(etwa die zentrale Speicherung und heimweite Nutzung von Video- und Audio-Inhalten).<\/p>\n<p style=\"text-align: center;\">Von einem Smart Home spricht man insbesondere, wenn s\u00e4mtliche im Haus verwendeten Leuchten,<span style=\"font-family: -apple-system, BlinkMacSystemFont, 'Segoe UI', Roboto, Oxygen-Sans, Ubuntu, Cantarell, 'Helvetica Neue', sans-serif;\">\u00a0Taster und Ger\u00e4te untereinander vernetzt sind, Ger\u00e4te Daten speichern und eine eigene Logik abbilden k\u00f6nnen. Ger\u00e4te sind teilweise auch getaggt, was bedeutet, dass zu den Ger\u00e4ten im Smart Home Informationen zum Beispiel \u00fcber Hersteller, Produktnamen und Leistung hinterlegt sind. Dabei besitzt das Smart Home eine eigene\u00a0<\/span>Programmierschnittstelle<span style=\"font-family: -apple-system, BlinkMacSystemFont, 'Segoe UI', Roboto, Oxygen-Sans, Ubuntu, Cantarell, 'Helvetica Neue', sans-serif;\">, die gegebenenfalls auch via\u00a0<\/span>Internet<span style=\"font-family: -apple-system, BlinkMacSystemFont, 'Segoe UI', Roboto, Oxygen-Sans, Ubuntu, Cantarell, 'Helvetica Neue', sans-serif;\">\u00a0angesprochen und \u00fcber im Smart Home integrierte\u00a0<\/span>Webserver<span style=\"font-family: -apple-system, BlinkMacSystemFont, 'Segoe UI', Roboto, Oxygen-Sans, Ubuntu, Cantarell, 'Helvetica Neue', sans-serif;\">\u00a0oder erweiterbare\u00a0<\/span>Anwendungssoftware<span style=\"font-family: -apple-system, BlinkMacSystemFont, 'Segoe UI', Roboto, Oxygen-Sans, Ubuntu, Cantarell, 'Helvetica Neue', sans-serif;\">\u00a0und\u00a0<\/span>Mobile Apps<span style=\"font-family: -apple-system, BlinkMacSystemFont, 'Segoe UI', Roboto, Oxygen-Sans, Ubuntu, Cantarell, 'Helvetica Neue', sans-serif;\">\u00a0gesteuert werden kann.<\/span><\/p>\n<p style=\"text-align: center;\">Eng verwandt mit diesen Verfahren und Systemen sind solche des\u00a0Smart Metering, bei denen der Schwerpunkt auf dem Messen und einer intelligenten Regulierung des Energieverbrauchs liegt.<\/p>\n<p style=\"text-align: center;\">Neben \u201eSmart Home\u201c haben sich Begriffe wie Intelligentes Wohnen (siehe auch\u00a0Ambient Assisted Living), \u201eeHome\u201c, \u201eSmart Living\u201c und weitere Bezeichnungen etabliert, die sich teils nur in Bedeutungsschattierungen unterscheiden. Zudem verwenden Hersteller von Smart-Home-Anlagen und -komponenten weitere, speziell auf deren individuelles\u00a0Marketing\u00a0abgestimmte Begriffe.<\/p>\n<p style=\"text-align: center;\"><span style=\"font-size: 8pt;\">( Quelle : Wikipedia<\/span> )<\/p>\n<p style=\"text-align: center;\"><a href=\"http:\/\/burghart-gmbh.com\/?page_id=157\">Weitere Informationen<\/a><\/p>\n<p style=\"text-align: center;\"><img data-recalc-dims=\"1\" loading=\"lazy\" decoding=\"async\" data-attachment-id=\"109\" data-permalink=\"http:\/\/burghart-gmbh.com\/?attachment_id=109\" data-orig-file=\"https:\/\/i0.wp.com\/burghart-gmbh.com\/wp-content\/uploads\/2019\/03\/Steuerz.jpg?fit=570%2C108\" data-orig-size=\"570,108\" data-comments-opened=\"0\" data-image-meta=\"{&quot;aperture&quot;:&quot;0&quot;,&quot;credit&quot;:&quot;Uliczka, Torsten&quot;,&quot;camera&quot;:&quot;&quot;,&quot;caption&quot;:&quot;&quot;,&quot;created_timestamp&quot;:&quot;1523273608&quot;,&quot;copyright&quot;:&quot;&quot;,&quot;focal_length&quot;:&quot;0&quot;,&quot;iso&quot;:&quot;0&quot;,&quot;shutter_speed&quot;:&quot;0&quot;,&quot;title&quot;:&quot;&quot;,&quot;orientation&quot;:&quot;0&quot;}\" data-image-title=\"Steuerz\" data-image-description=\"\" data-image-caption=\"\" data-medium-file=\"https:\/\/i0.wp.com\/burghart-gmbh.com\/wp-content\/uploads\/2019\/03\/Steuerz.jpg?fit=300%2C57\" data-large-file=\"https:\/\/i0.wp.com\/burghart-gmbh.com\/wp-content\/uploads\/2019\/03\/Steuerz.jpg?fit=570%2C108\" class=\"alignnone size-medium wp-image-109\" src=\"https:\/\/i0.wp.com\/burghart-gmbh.com\/wp-content\/uploads\/2019\/03\/Steuerz.jpg?resize=300%2C57\" alt=\"\" width=\"300\" height=\"57\" srcset=\"https:\/\/i0.wp.com\/burghart-gmbh.com\/wp-content\/uploads\/2019\/03\/Steuerz.jpg?resize=300%2C57 300w, https:\/\/i0.wp.com\/burghart-gmbh.com\/wp-content\/uploads\/2019\/03\/Steuerz.jpg?w=570 570w\" sizes=\"auto, (max-width: 300px) 100vw, 300px\" \/><\/p>\n","protected":false},"excerpt":{"rendered":"<p>Smart Home\u00a0dient als Oberbegriff f\u00fcr technische Verfahren und Systeme in Wohnr\u00e4umen und -h\u00e4usern, in deren Mittelpunkt eine Erh\u00f6hung von Wohn- und Lebensqualit\u00e4t, Sicherheit und effizienter Energienutzung auf Basis vernetzter und fernsteuerbarer Ger\u00e4te und Installationen sowie automatisierbarer Abl\u00e4ufe steht. Unter diesen Begriff f\u00e4llt sowohl die\u00a0Vernetzung\u00a0von\u00a0Haustechnik\u00a0und\u00a0Haushaltsger\u00e4ten\u00a0(zum Beispiel Lichtquellen, Jalousien, Heizung, aber auch Herd, K\u00fchlschrank und Waschmaschine), als&hellip; <br \/> <a class=\"read-more\" href=\"http:\/\/burghart-gmbh.com\/?page_id=154\">Weiterlesen<\/a><\/p>\n","protected":false},"author":1,"featured_media":0,"parent":0,"menu_order":0,"comment_status":"closed","ping_status":"closed","template":"","meta":{"footnotes":""},"class_list":["post-154","page","type-page","status-publish","hentry"],"jetpack_shortlink":"https:\/\/wp.me\/PaN6tQ-2u","jetpack_sharing_enabled":true,"_links":{"self":[{"href":"http:\/\/burghart-gmbh.com\/index.php?rest_route=\/wp\/v2\/pages\/154","targetHints":{"allow":["GET"]}}],"collection":[{"href":"http:\/\/burghart-gmbh.com\/index.php?rest_route=\/wp\/v2\/pages"}],"about":[{"href":"http:\/\/burghart-gmbh.com\/index.php?rest_route=\/wp\/v2\/types\/page"}],"author":[{"embeddable":true,"href":"http:\/\/burghart-gmbh.com\/index.php?rest_route=\/wp\/v2\/users\/1"}],"replies":[{"embeddable":true,"href":"http:\/\/burghart-gmbh.com\/index.php?rest_route=%2Fwp%2Fv2%2Fcomments&post=154"}],"version-history":[{"count":0,"href":"http:\/\/burghart-gmbh.com\/index.php?rest_route=\/wp\/v2\/pages\/154\/revisions"}],"wp:attachment":[{"href":"http:\/\/burghart-gmbh.com\/index.php?rest_route=%2Fwp%2Fv2%2Fmedia&parent=154"}],"curies":[{"name":"wp","href":"https:\/\/api.w.org\/{rel}","templated":true}]}}